{"id":8567,"date":"2023-04-26T20:17:37","date_gmt":"2023-04-26T18:17:37","guid":{"rendered":"http:\/\/breathe.vware.org\/?page_id=8567"},"modified":"2025-08-22T10:45:58","modified_gmt":"2025-08-22T08:45:58","slug":"kontakt","status":"publish","type":"page","link":"https:\/\/refoamed.com\/pl\/kontakt\/","title":{"rendered":"Kontakt"},"content":{"rendered":"<div class=\"wpb-content-wrapper\"><p>[vc_section css_animation=&#8221;none&#8221; woodmart_stretch_content=&#8221;section-stretch&#8221; woodmart_bg_position=&#8221;center-center&#8221; css=&#8221;.vc_custom_1700612925828{margin-top: -40px !important;margin-bottom: 0px !important;padding-top: 0px !important;padding-bottom: 0px !important;background-color: #f3f2f1 !important;background-position: center !important;background-repeat: no-repeat !important;background-size: contain !important;}&#8221; woodmart_css_id=&#8221;655d4b38a060c&#8221; responsive_spacing=&#8221;eyJwYXJhbV90eXBlIjoid29vZG1hcnRfcmVzcG9uc2l2ZV9zcGFjaW5nIiwic2VsZWN0b3JfaWQiOiI2NTVkNGIzOGEwNjBjIiwic2hvcnRjb2RlIjoidmNfc2VjdGlvbiIsImRhdGEiOnsidGFibGV0Ijp7fSwibW9iaWxlIjp7Im1hcmdpbi1ib3R0b20iOiIzMHB4IiwicGFkZGluZy10b3AiOiIzMHB4IiwicGFkZGluZy1ib3R0b20iOiI0MHB4In19fQ==&#8221; mobile_bg_img_hidden=&#8221;no&#8221; tablet_bg_img_hidden=&#8221;no&#8221; woodmart_parallax=&#8221;0&#8243; woodmart_gradient_switch=&#8221;no&#8221; woodmart_box_shadow=&#8221;no&#8221; wd_z_index=&#8221;no&#8221; woodmart_disable_overflow=&#8221;1&#8243;][vc_row equal_height=&#8221;yes&#8221; content_placement=&#8221;top&#8221; woodmart_stretch_content=&#8221;section-stretch&#8221; css=&#8221;.vc_custom_1698267560267{margin-bottom: 0px !important;padding-top: 60px !important;padding-bottom: 20px !important;}&#8221; woodmart_css_id=&#8221;653981a3dde45&#8243; responsive_spacing=&#8221;eyJwYXJhbV90eXBlIjoid29vZG1hcnRfcmVzcG9uc2l2ZV9zcGFjaW5nIiwic2VsZWN0b3JfaWQiOiI2NTM5ODFhM2RkZTQ1Iiwic2hvcnRjb2RlIjoidmNfcm93IiwiZGF0YSI6eyJ0YWJsZXQiOnt9LCJtb2JpbGUiOnsicGFkZGluZy10b3AiOiIycHgiLCJwYWRkaW5nLWJvdHRvbSI6IjMwcHgifX19&#8243; mobile_bg_img_hidden=&#8221;no&#8221; tablet_bg_img_hidden=&#8221;no&#8221; woodmart_parallax=&#8221;0&#8243; woodmart_gradient_switch=&#8221;no&#8221; woodmart_box_shadow=&#8221;no&#8221; wd_z_index=&#8221;no&#8221; woodmart_disable_overflow=&#8221;0&#8243; row_reverse_mobile=&#8221;0&#8243; row_reverse_tablet=&#8221;0&#8243;][vc_column woodmart_css_id=&#8221;653982413b5b1&#8243; parallax_scroll=&#8221;no&#8221; woodmart_sticky_column=&#8221;false&#8221; wd_collapsible_content_switcher=&#8221;no&#8221; wd_column_role_offcanvas_desktop=&#8221;no&#8221; wd_column_role_offcanvas_tablet=&#8221;no&#8221; wd_column_role_offcanvas_mobile=&#8221;no&#8221; wd_column_role_content_desktop=&#8221;no&#8221; wd_column_role_content_tablet=&#8221;no&#8221; wd_column_role_content_mobile=&#8221;no&#8221; mobile_bg_img_hidden=&#8221;no&#8221; tablet_bg_img_hidden=&#8221;no&#8221; woodmart_parallax=&#8221;0&#8243; woodmart_box_shadow=&#8221;no&#8221; responsive_spacing=&#8221;eyJwYXJhbV90eXBlIjoid29vZG1hcnRfcmVzcG9uc2l2ZV9zcGFjaW5nIiwic2VsZWN0b3JfaWQiOiI2NTM5ODI0MTNiNWIxIiwic2hvcnRjb2RlIjoidmNfY29sdW1uIiwiZGF0YSI6eyJ0YWJsZXQiOnt9LCJtb2JpbGUiOnt9fX0=&#8221; mobile_reset_margin=&#8221;no&#8221; tablet_reset_margin=&#8221;no&#8221; wd_z_index=&#8221;no&#8221; css=&#8221;.vc_custom_1698267722606{background-position: center !important;background-repeat: no-repeat !important;background-size: cover !important;}&#8221; offset=&#8221;vc_col-lg-1\/5 vc_hidden-sm vc_col-xs-12 vc_hidden-xs&#8221;][\/vc_column][vc_column woodmart_sticky_column_offset=&#8221;200&#8243; css=&#8221;.vc_custom_1698267748440{padding-right: 10% !important;padding-left: 10% !important;}&#8221; woodmart_css_id=&#8221;6539825c64a79&#8243; parallax_scroll=&#8221;no&#8221; woodmart_sticky_column=&#8221;true&#8221; wd_collapsible_content_switcher=&#8221;no&#8221; wd_column_role_offcanvas_desktop=&#8221;no&#8221; wd_column_role_offcanvas_tablet=&#8221;no&#8221; wd_column_role_offcanvas_mobile=&#8221;no&#8221; wd_column_role_content_desktop=&#8221;no&#8221; wd_column_role_content_tablet=&#8221;no&#8221; wd_column_role_content_mobile=&#8221;no&#8221; mobile_bg_img_hidden=&#8221;no&#8221; tablet_bg_img_hidden=&#8221;no&#8221; woodmart_parallax=&#8221;0&#8243; woodmart_box_shadow=&#8221;no&#8221; responsive_spacing=&#8221;eyJwYXJhbV90eXBlIjoid29vZG1hcnRfcmVzcG9uc2l2ZV9zcGFjaW5nIiwic2VsZWN0b3JfaWQiOiI2NTM5ODI1YzY0YTc5Iiwic2hvcnRjb2RlIjoidmNfY29sdW1uIiwiZGF0YSI6eyJ0YWJsZXQiOnt9LCJtb2JpbGUiOnt9fX0=&#8221; mobile_reset_margin=&#8221;no&#8221; tablet_reset_margin=&#8221;no&#8221; wd_z_index=&#8221;no&#8221; offset=&#8221;vc_col-lg-3\/5 vc_col-xs-12&#8243;][vc_row_inner woodmart_css_id=&#8221;644bd2d6498b5&#8243; responsive_spacing=&#8221;eyJwYXJhbV90eXBlIjoid29vZG1hcnRfcmVzcG9uc2l2ZV9zcGFjaW5nIiwic2VsZWN0b3JfaWQiOiI2NDRiZDJkNjQ5OGI1Iiwic2hvcnRjb2RlIjoidmNfcm93X2lubmVyIiwiZGF0YSI6eyJ0YWJsZXQiOnt9LCJtb2JpbGUiOnt9fX0=&#8221; mobile_bg_img_hidden=&#8221;no&#8221; tablet_bg_img_hidden=&#8221;no&#8221; woodmart_parallax=&#8221;0&#8243; woodmart_gradient_switch=&#8221;no&#8221; woodmart_box_shadow=&#8221;no&#8221; wd_z_index=&#8221;no&#8221; woodmart_disable_overflow=&#8221;0&#8243; row_reverse_mobile=&#8221;0&#8243; row_reverse_tablet=&#8221;0&#8243; css=&#8221;.vc_custom_1682690779649{margin-top: 0px !important;padding-top: 0px !important;}&#8221;][vc_column_inner]\n\t\t<div id=\"wd-653980fe584e7\" class=\"title-wrapper wd-wpb wd-set-mb reset-last-child  wd-rs-653980fe584e7 wd-title-color-default wd-title-style-default text-center vc_custom_1698267396398 wd-underline-colored\">\n\t\t\t\n\t\t\t<div class=\"liner-continer\">\n\t\t\t\t<p class=\"woodmart-title-container title  wd-font-weight- wd-fontsize-xxxl\" >Zosta\u0144my<\/p>\n\t\t\t\t\t\t\t<\/div>\n\t\t\t\n\t\t\t\n\t\t\t\n\t\t<\/div>\n\t\t\n\t\t\n\t\t<div id=\"wd-65398105caf53\" class=\"title-wrapper wd-wpb wd-set-mb reset-last-child  wd-rs-65398105caf53 wd-title-color-default wd-title-style-default text-center vc_custom_1698267404810 wd-underline-colored\">\n\t\t\t\n\t\t\t<div class=\"liner-continer\">\n\t\t\t\t<p class=\"woodmart-title-container title  wd-font-weight- wd-fontsize-xxxl\" >w kontakcie<\/p>\n\t\t\t\t\t\t\t<\/div>\n\t\t\t\n\t\t\t\n\t\t\t\n\t\t<\/div>\n\t\t\n\t\t[\/vc_column_inner][\/vc_row_inner][vc_row_inner woodmart_css_id=&#8221;644bccfa66c95&#8243; responsive_spacing=&#8221;eyJwYXJhbV90eXBlIjoid29vZG1hcnRfcmVzcG9uc2l2ZV9zcGFjaW5nIiwic2VsZWN0b3JfaWQiOiI2NDRiY2NmYTY2Yzk1Iiwic2hvcnRjb2RlIjoidmNfcm93X2lubmVyIiwiZGF0YSI6eyJ0YWJsZXQiOnt9LCJtb2JpbGUiOnt9fX0=&#8221; mobile_bg_img_hidden=&#8221;no&#8221; tablet_bg_img_hidden=&#8221;no&#8221; woodmart_parallax=&#8221;0&#8243; woodmart_gradient_switch=&#8221;no&#8221; woodmart_box_shadow=&#8221;no&#8221; wd_z_index=&#8221;no&#8221; woodmart_disable_overflow=&#8221;0&#8243; row_reverse_mobile=&#8221;0&#8243; row_reverse_tablet=&#8221;0&#8243;][vc_column_inner offset=&#8221;vc_hidden-lg vc_hidden-md&#8221; woodmart_css_id=&#8221;644bce70cd808&#8243; parallax_scroll=&#8221;no&#8221; woodmart_sticky_column=&#8221;false&#8221; wd_collapsible_content_switcher=&#8221;no&#8221; wd_column_role_offcanvas_desktop=&#8221;no&#8221; wd_column_role_offcanvas_tablet=&#8221;no&#8221; wd_column_role_offcanvas_mobile=&#8221;no&#8221; wd_column_role_content_desktop=&#8221;no&#8221; wd_column_role_content_tablet=&#8221;no&#8221; wd_column_role_content_mobile=&#8221;no&#8221; mobile_bg_img_hidden=&#8221;no&#8221; tablet_bg_img_hidden=&#8221;no&#8221; woodmart_parallax=&#8221;0&#8243; woodmart_box_shadow=&#8221;no&#8221; responsive_spacing=&#8221;eyJwYXJhbV90eXBlIjoid29vZG1hcnRfcmVzcG9uc2l2ZV9zcGFjaW5nIiwic2VsZWN0b3JfaWQiOiI2NDRiY2U3MGNkODA4Iiwic2hvcnRjb2RlIjoidmNfY29sdW1uX2lubmVyIiwiZGF0YSI6eyJ0YWJsZXQiOnt9LCJtb2JpbGUiOnt9fX0=&#8221; wd_z_index=&#8221;no&#8221;]\t\t<div id=\"wd-64a5d4ed82054\" class=\"wd-text-block wd-wpb reset-last-child wd-rs-64a5d4ed82054 text-center wd-font-weight-600 color-primary wd-fontsize-s font-alt vc_custom_1688589555388\">\n\t\t\t<p>Chcesz si\u0119 czego\u015b dowiedzie\u0107?<br \/>\nSkontaktuj si\u0119 z nami &#8211; jeste\u015bmy tu po to, by Ci pom\u00f3c.<br \/>\nWy\u015blij nam wiadomo\u015b\u0107, zadzwo\u0144 lub skorzystaj z formularza.<\/p>\n\t\t<\/div>\n\t\t[\/vc_column_inner][\/vc_row_inner][vc_row_inner woodmart_css_id=&#8221;644976b7d6888&#8243; responsive_spacing=&#8221;eyJwYXJhbV90eXBlIjoid29vZG1hcnRfcmVzcG9uc2l2ZV9zcGFjaW5nIiwic2VsZWN0b3JfaWQiOiI2NDQ5NzZiN2Q2ODg4Iiwic2hvcnRjb2RlIjoidmNfcm93X2lubmVyIiwiZGF0YSI6eyJ0YWJsZXQiOnt9LCJtb2JpbGUiOnt9fX0=&#8221; mobile_bg_img_hidden=&#8221;no&#8221; tablet_bg_img_hidden=&#8221;no&#8221; woodmart_parallax=&#8221;0&#8243; woodmart_gradient_switch=&#8221;no&#8221; woodmart_box_shadow=&#8221;no&#8221; wd_z_index=&#8221;no&#8221; woodmart_disable_overflow=&#8221;0&#8243; row_reverse_mobile=&#8221;0&#8243; row_reverse_tablet=&#8221;0&#8243; css=&#8221;.vc_custom_1682536143377{padding-right: 4% !important;padding-left: 4% !important;}&#8221;][vc_column_inner offset=&#8221;vc_hidden-sm vc_hidden-xs&#8221; woodmart_css_id=&#8221;644bce6a4dfee&#8221; parallax_scroll=&#8221;no&#8221; woodmart_sticky_column=&#8221;false&#8221; wd_collapsible_content_switcher=&#8221;no&#8221; wd_column_role_offcanvas_desktop=&#8221;no&#8221; wd_column_role_offcanvas_tablet=&#8221;no&#8221; wd_column_role_offcanvas_mobile=&#8221;no&#8221; wd_column_role_content_desktop=&#8221;no&#8221; wd_column_role_content_tablet=&#8221;no&#8221; wd_column_role_content_mobile=&#8221;no&#8221; mobile_bg_img_hidden=&#8221;no&#8221; tablet_bg_img_hidden=&#8221;no&#8221; woodmart_parallax=&#8221;0&#8243; woodmart_box_shadow=&#8221;no&#8221; responsive_spacing=&#8221;eyJwYXJhbV90eXBlIjoid29vZG1hcnRfcmVzcG9uc2l2ZV9zcGFjaW5nIiwic2VsZWN0b3JfaWQiOiI2NDRiY2U2YTRkZmVlIiwic2hvcnRjb2RlIjoidmNfY29sdW1uX2lubmVyIiwiZGF0YSI6eyJ0YWJsZXQiOnt9LCJtb2JpbGUiOnt9fX0=&#8221; wd_z_index=&#8221;no&#8221;]\t\t<div id=\"wd-64a5d4f615e87\" class=\"wd-text-block wd-wpb reset-last-child wd-rs-64a5d4f615e87 text-center wd-font-weight-600 color-primary wd-fontsize-s font-alt vc_custom_1688589562273\">\n\t\t\t<p>Chcesz si\u0119 czego\u015b dowiedzie\u0107? Skontaktuj si\u0119 z nami &#8211; jeste\u015bmy tu po to, by Ci pom\u00f3c. Wy\u015blij nam wiadomo\u015b\u0107, zadzwo\u0144 lub skorzystaj z formularza.<\/p>\n\t\t<\/div>\n\t\t[\/vc_column_inner][\/vc_row_inner][vc_row_inner equal_height=&#8221;yes&#8221; content_placement=&#8221;bottom&#8221; woodmart_css_id=&#8221;644978325ecaa&#8221; responsive_spacing=&#8221;eyJwYXJhbV90eXBlIjoid29vZG1hcnRfcmVzcG9uc2l2ZV9zcGFjaW5nIiwic2VsZWN0b3JfaWQiOiI2NDQ5NzgzMjVlY2FhIiwic2hvcnRjb2RlIjoidmNfcm93X2lubmVyIiwiZGF0YSI6eyJ0YWJsZXQiOnt9LCJtb2JpbGUiOnt9fX0=&#8221; mobile_bg_img_hidden=&#8221;no&#8221; tablet_bg_img_hidden=&#8221;no&#8221; woodmart_parallax=&#8221;0&#8243; woodmart_gradient_switch=&#8221;no&#8221; woodmart_box_shadow=&#8221;no&#8221; wd_z_index=&#8221;no&#8221; woodmart_disable_overflow=&#8221;0&#8243; row_reverse_mobile=&#8221;0&#8243; row_reverse_tablet=&#8221;0&#8243; css=&#8221;.vc_custom_1682536504040{margin-top: 0px !important;padding-top: 0px !important;}&#8221;][vc_column_inner offset=&#8221;vc_hidden-lg vc_hidden-md&#8221; woodmart_css_id=&#8221;64497839a9060&#8243; parallax_scroll=&#8221;no&#8221; woodmart_sticky_column=&#8221;false&#8221; wd_collapsible_content_switcher=&#8221;no&#8221; wd_column_role_offcanvas_desktop=&#8221;no&#8221; wd_column_role_offcanvas_tablet=&#8221;no&#8221; wd_column_role_offcanvas_mobile=&#8221;no&#8221; wd_column_role_content_desktop=&#8221;no&#8221; wd_column_role_content_tablet=&#8221;no&#8221; wd_column_role_content_mobile=&#8221;no&#8221; mobile_bg_img_hidden=&#8221;no&#8221; tablet_bg_img_hidden=&#8221;no&#8221; woodmart_parallax=&#8221;0&#8243; woodmart_box_shadow=&#8221;no&#8221; responsive_spacing=&#8221;eyJwYXJhbV90eXBlIjoid29vZG1hcnRfcmVzcG9uc2l2ZV9zcGFjaW5nIiwic2VsZWN0b3JfaWQiOiI2NDQ5NzgzOWE5MDYwIiwic2hvcnRjb2RlIjoidmNfY29sdW1uX2lubmVyIiwiZGF0YSI6eyJ0YWJsZXQiOnt9LCJtb2JpbGUiOnt9fX0=&#8221; wd_z_index=&#8221;no&#8221;]\t\t<div id=\"wd-68a82e301bc20\" class=\"wd-text-block wd-wpb reset-last-child wd-rs-68a82e301bc20 text-center color-primary wd-fontsize-s font-alt vc_custom_1755852344543\">\n\t\t\t<p><a href=\"tel:+48222998126\">+48 222 998 126<\/a><br \/>\n<a href=\"mailto:Hello@refoamed.com\">Hello@refoamed.com<\/a><br \/>\nPn-Pt: 9:00-17:00<\/p>\n\t\t<\/div>\n\t\t\t\t<div id=\"wd-6539815848023\" class=\"wd-text-block wd-wpb reset-last-child wd-rs-6539815848023 hidden-lg hidden-md hidden-sm hidden-xs text-center vc_custom_1698267486737\">\n\t\t\t<div style=\"display: flex; justify-content: center; gap: 36px;\"><a href=\"https:\/\/www.instagram.com\/petformed\/\"><img loading=\"lazy\" decoding=\"async\" class=\"hover-move-up wp-image-7047\" role=\"img\" src=\"\/wp-content\/uploads\/sites\/2\/2023\/02\/PETFORMED_icons_m_instagram.svg\" alt=\"\" width=\"24\" height=\"24\" \/><\/a><a href=\"https:\/\/www.facebook.com\/Petformed\/\"><img loading=\"lazy\" decoding=\"async\" class=\"hover-move-up wp-image-7046\" role=\"img\" src=\"\/wp-content\/uploads\/sites\/2\/2023\/02\/PETFORMED_icons_m_facebook.svg\" alt=\"\" width=\"24\" height=\"24\" \/><\/a><\/div>\n\t\t<\/div>\n\t\t[\/vc_column_inner][\/vc_row_inner][vc_row_inner equal_height=&#8221;yes&#8221; content_placement=&#8221;bottom&#8221; woodmart_css_id=&#8221;644bd1ba6766c&#8221; responsive_spacing=&#8221;eyJwYXJhbV90eXBlIjoid29vZG1hcnRfcmVzcG9uc2l2ZV9zcGFjaW5nIiwic2VsZWN0b3JfaWQiOiI2NDRiZDFiYTY3NjZjIiwic2hvcnRjb2RlIjoidmNfcm93X2lubmVyIiwiZGF0YSI6eyJ0YWJsZXQiOnt9LCJtb2JpbGUiOnsibWFyZ2luLWJvdHRvbSI6IjBweCIsInBhZGRpbmctYm90dG9tIjoiMHB4In19fQ==&#8221; mobile_bg_img_hidden=&#8221;no&#8221; tablet_bg_img_hidden=&#8221;no&#8221; woodmart_parallax=&#8221;0&#8243; woodmart_gradient_switch=&#8221;no&#8221; woodmart_box_shadow=&#8221;no&#8221; wd_z_index=&#8221;no&#8221; woodmart_disable_overflow=&#8221;0&#8243; row_reverse_mobile=&#8221;0&#8243; row_reverse_tablet=&#8221;0&#8243; css=&#8221;.vc_custom_1682690499097{margin-top: 0px !important;margin-bottom: 26px !important;padding-top: 0px !important;}&#8221;][vc_column_inner offset=&#8221;vc_hidden-sm vc_hidden-xs&#8221; woodmart_css_id=&#8221;6449784cb1c4c&#8221; parallax_scroll=&#8221;no&#8221; woodmart_sticky_column=&#8221;false&#8221; wd_collapsible_content_switcher=&#8221;no&#8221; wd_column_role_offcanvas_desktop=&#8221;no&#8221; wd_column_role_offcanvas_tablet=&#8221;no&#8221; wd_column_role_offcanvas_mobile=&#8221;no&#8221; wd_column_role_content_desktop=&#8221;no&#8221; wd_column_role_content_tablet=&#8221;no&#8221; wd_column_role_content_mobile=&#8221;no&#8221; mobile_bg_img_hidden=&#8221;no&#8221; tablet_bg_img_hidden=&#8221;no&#8221; woodmart_parallax=&#8221;0&#8243; woodmart_box_shadow=&#8221;no&#8221; responsive_spacing=&#8221;eyJwYXJhbV90eXBlIjoid29vZG1hcnRfcmVzcG9uc2l2ZV9zcGFjaW5nIiwic2VsZWN0b3JfaWQiOiI2NDQ5Nzg0Y2IxYzRjIiwic2hvcnRjb2RlIjoidmNfY29sdW1uX2lubmVyIiwiZGF0YSI6eyJ0YWJsZXQiOnt9LCJtb2JpbGUiOnt9fX0=&#8221; wd_z_index=&#8221;no&#8221;]\t\t<div id=\"wd-68a82e3b2236d\" class=\"wd-text-block wd-wpb reset-last-child wd-rs-68a82e3b2236d text-center color-primary wd-fontsize-s font-alt vc_custom_1755852355635\">\n\t\t\t<p><a href=\"tel:+48222998126\">+48 222 998 126<\/a><br \/>\n<a href=\"mailto:Hello@refoamed.com\">Hello@refoamed.com<\/a><br \/>\nPn-Pt: 9:00-17:00<\/p>\n\t\t<\/div>\n\t\t\t\t<div id=\"wd-6539817c625c7\" class=\"wd-text-block wd-wpb reset-last-child wd-rs-6539817c625c7 hidden-lg hidden-md hidden-sm hidden-xs text-left \">\n\t\t\t<p><a href=\"https:\/\/www.instagram.com\/petformed\/\"><img loading=\"lazy\" decoding=\"async\" class=\"hover-move-up alignleft wp-image-7047\" role=\"img\" src=\"\/wp-content\/uploads\/sites\/2\/2023\/02\/PETFORMED_icons_m_instagram.svg\" alt=\"\" width=\"24\" height=\"24\" \/><\/a><a href=\"https:\/\/www.facebook.com\/Petformed\/\"><img loading=\"lazy\" decoding=\"async\" class=\"hover-move-up alignleft wp-image-7046\" role=\"img\" src=\"\/wp-content\/uploads\/sites\/2\/2023\/02\/PETFORMED_icons_m_facebook.svg\" alt=\"\" width=\"24\" height=\"24\" \/><\/a><\/p>\n\t\t<\/div>\n\t\t[\/vc_column_inner][\/vc_row_inner][vc_row_inner css=&#8221;.vc_custom_1684333342606{padding-right: 8% !important;padding-left: 8% !important;}&#8221; woodmart_css_id=&#8221;6464e317f0a00&#8243; responsive_spacing=&#8221;eyJwYXJhbV90eXBlIjoid29vZG1hcnRfcmVzcG9uc2l2ZV9zcGFjaW5nIiwic2VsZWN0b3JfaWQiOiI2NDY0ZTMxN2YwYTAwIiwic2hvcnRjb2RlIjoidmNfcm93X2lubmVyIiwiZGF0YSI6eyJ0YWJsZXQiOnsicGFkZGluZy1yaWdodCI6IjQlIiwicGFkZGluZy1sZWZ0IjoiNCUifSwibW9iaWxlIjp7Im1hcmdpbi1ib3R0b20iOiIwcHgiLCJwYWRkaW5nLXJpZ2h0IjoiMiUiLCJwYWRkaW5nLWJvdHRvbSI6IjBweCIsInBhZGRpbmctbGVmdCI6IjIlIn19fQ==&#8221; mobile_bg_img_hidden=&#8221;no&#8221; tablet_bg_img_hidden=&#8221;no&#8221; woodmart_parallax=&#8221;0&#8243; woodmart_gradient_switch=&#8221;no&#8221; woodmart_box_shadow=&#8221;no&#8221; wd_z_index=&#8221;no&#8221; woodmart_disable_overflow=&#8221;0&#8243; row_reverse_mobile=&#8221;0&#8243; row_reverse_tablet=&#8221;0&#8243;][vc_column_inner]\n<div class=\"wpcf7 no-js\" id=\"wpcf7-f15-o1\" lang=\"pl-PL\" dir=\"ltr\" data-wpcf7-id=\"15\">\n<div class=\"screen-reader-response\"><p role=\"status\" aria-live=\"polite\" aria-atomic=\"true\"><\/p> <ul><\/ul><\/div>\n<form action=\"\/pl\/wp-json\/wp\/v2\/pages\/8567#wpcf7-f15-o1\" method=\"post\" class=\"wpcf7-form init\" aria-label=\"Formularz kontaktowy\" novalidate=\"novalidate\" data-status=\"init\">\n<fieldset class=\"hidden-fields-container\"><input type=\"hidden\" name=\"_wpcf7\" value=\"15\" \/><input type=\"hidden\" name=\"_wpcf7_version\" value=\"6.1.4\" \/><input type=\"hidden\" name=\"_wpcf7_locale\" value=\"pl_PL\" \/><input type=\"hidden\" name=\"_wpcf7_unit_tag\" value=\"wpcf7-f15-o1\" \/><input type=\"hidden\" name=\"_wpcf7_container_post\" value=\"0\" \/><input type=\"hidden\" name=\"_wpcf7_posted_data_hash\" value=\"\" \/>\n<\/fieldset>\n<div class=\"petformed__cf\">\n\t<div class=\"petformed__cf--fields\">\n\t\t<div>\n\t\t\t<p><span class=\"wpcf7-form-control-wrap\" data-name=\"your-name\"><input size=\"40\" maxlength=\"400\" class=\"wpcf7-form-control wpcf7-text\" autocomplete=\"name\" aria-invalid=\"false\" placeholder=\"Imi\u0119\" value=\"\" type=\"text\" name=\"your-name\" \/><\/span>\n\t\t\t<\/p>\n\t\t<\/div>\n\t\t<div>\n\t\t\t<p><span class=\"wpcf7-form-control-wrap\" data-name=\"your-email\"><input size=\"40\" maxlength=\"400\" class=\"wpcf7-form-control wpcf7-email wpcf7-validates-as-required wpcf7-text wpcf7-validates-as-email\" autocomplete=\"email\" aria-required=\"true\" aria-invalid=\"false\" placeholder=\"E-mail*\" value=\"\" type=\"email\" name=\"your-email\" \/><\/span>\n\t\t\t<\/p>\n\t\t<\/div>\n\t\t<div>\n\t\t\t<p><span class=\"wpcf7-form-control-wrap\" data-name=\"your-message\"><textarea cols=\"40\" rows=\"10\" maxlength=\"2000\" class=\"wpcf7-form-control wpcf7-textarea\" aria-invalid=\"false\" placeholder=\"Wiadomo\u015b\u0107\" name=\"your-message\"><\/textarea><\/span>\n\t\t\t<\/p>\n\t\t<\/div>\n\t<\/div>\n\t<div class=\"petformed__cf-rodo\">\n\t\t<p><span class=\"wpcf7-form-control-wrap\" data-name=\"acceptance-156\"><span class=\"wpcf7-form-control wpcf7-acceptance\"><span class=\"wpcf7-list-item\"><label><input type=\"checkbox\" name=\"acceptance-156\" value=\"1\" aria-invalid=\"false\" \/><span class=\"wpcf7-list-item-label\">*Wyra\u017cam zgod\u0119 na przetwarzanie moich danych osobowych w zwi\u0105zku z udzieleniem odpowiedzi na zapytanie. Zapozna\u0142em si\u0119 i akceptuj\u0119 Polityk\u0119 prywatno\u015bci.<\/span><\/label><\/span><\/span><\/span>\n\t\t<\/p>\n\t<\/div>\n\t<div>\n\t\t<p><input class=\"wpcf7-form-control wpcf7-submit has-spinner\" type=\"submit\" value=\"Wy\u015blij wiadomo\u015b\u0107\" \/>\n\t\t<\/p>\n\t<\/div>\n<\/div><div class=\"wpcf7-response-output\" aria-hidden=\"true\"><\/div>\n<\/form>\n<\/div>\n[\/vc_column_inner][\/vc_row_inner][vc_empty_space height=&#8221;60px&#8221; woodmart_hide_large=&#8221;0&#8243; woodmart_hide_medium=&#8221;0&#8243; woodmart_hide_small=&#8221;0&#8243;][\/vc_column][vc_column offset=&#8221;vc_col-lg-1\/5 vc_hidden-sm vc_col-xs-12 vc_hidden-xs&#8221; woodmart_css_id=&#8221;6539824c6ef9f&#8221; parallax_scroll=&#8221;no&#8221; woodmart_sticky_column=&#8221;false&#8221; wd_collapsible_content_switcher=&#8221;no&#8221; wd_column_role_offcanvas_desktop=&#8221;no&#8221; wd_column_role_offcanvas_tablet=&#8221;no&#8221; wd_column_role_offcanvas_mobile=&#8221;no&#8221; wd_column_role_content_desktop=&#8221;no&#8221; wd_column_role_content_tablet=&#8221;no&#8221; wd_column_role_content_mobile=&#8221;no&#8221; mobile_bg_img_hidden=&#8221;no&#8221; tablet_bg_img_hidden=&#8221;no&#8221; woodmart_parallax=&#8221;0&#8243; woodmart_box_shadow=&#8221;no&#8221; responsive_spacing=&#8221;eyJwYXJhbV90eXBlIjoid29vZG1hcnRfcmVzcG9uc2l2ZV9zcGFjaW5nIiwic2VsZWN0b3JfaWQiOiI2NTM5ODI0YzZlZjlmIiwic2hvcnRjb2RlIjoidmNfY29sdW1uIiwiZGF0YSI6eyJ0YWJsZXQiOnt9LCJtb2JpbGUiOnt9fX0=&#8221; mobile_reset_margin=&#8221;no&#8221; tablet_reset_margin=&#8221;no&#8221; wd_z_index=&#8221;no&#8221;][\/vc_column][\/vc_row][\/vc_section]<\/p>\n<\/div>","protected":false},"excerpt":{"rendered":"<p>[vc_section css_animation=&#8221;none&#8221; woodmart_stretch_content=&#8221;section-stretch&#8221; woodmart_bg_position=&#8221;center-center&#8221; css=&#8221;.vc_custom_1700612925828{margin-top: -40px !important;margin-bottom: 0px !important;padding-top: 0px !important;padding-bottom: 0px !important;background-color: #f3f2f1 !important;background-position: center !important;background-repeat: no-repeat !important;background-size: contain<\/p>\n","protected":false},"author":1,"featured_media":0,"parent":0,"menu_order":0,"comment_status":"closed","ping_status":"closed","template":"","meta":{"_acf_changed":false,"footnotes":""},"class_list":["post-8567","page","type-page","status-publish","hentry"],"acf":[],"yoast_head":"<!-- This site is optimized with the Yoast SEO plugin v26.8 - https:\/\/yoast.com\/product\/yoast-seo-wordpress\/ -->\n<title>Kontakt - Refoamed\u00ae<\/title>\n<meta name=\"robots\" content=\"index, follow, max-snippet:-1, max-image-preview:large, max-video-preview:-1\" \/>\n<link rel=\"canonical\" href=\"https:\/\/refoamed.com\/pl\/kontakt\/\" \/>\n<meta property=\"og:locale\" content=\"pl_PL\" \/>\n<meta property=\"og:type\" content=\"article\" \/>\n<meta property=\"og:title\" content=\"Kontakt - Refoamed\u00ae\" \/>\n<meta property=\"og:description\" content=\"[vc_section css_animation=&#8221;none&#8221; woodmart_stretch_content=&#8221;section-stretch&#8221; woodmart_bg_position=&#8221;center-center&#8221; css=&#8221;.vc_custom_1700612925828{margin-top: -40px !important;margin-bottom: 0px !important;padding-top: 0px !important;padding-bottom: 0px !important;background-color: #f3f2f1 !important;background-position: center !important;background-repeat: no-repeat !important;background-size: contain\" \/>\n<meta property=\"og:url\" content=\"https:\/\/refoamed.com\/pl\/kontakt\/\" \/>\n<meta property=\"og:site_name\" content=\"Refoamed\u00ae PL\" \/>\n<meta property=\"article:modified_time\" content=\"2025-08-22T08:45:58+00:00\" \/>\n<meta name=\"twitter:card\" content=\"summary_large_image\" \/>\n<meta name=\"twitter:label1\" content=\"Szacowany czas czytania\" \/>\n\t<meta name=\"twitter:data1\" content=\"4 minuty\" \/>\n<script type=\"application\/ld+json\" class=\"yoast-schema-graph\">{\"@context\":\"https:\/\/schema.org\",\"@graph\":[{\"@type\":\"WebPage\",\"@id\":\"https:\/\/refoamed.com\/pl\/kontakt\/\",\"url\":\"https:\/\/refoamed.com\/pl\/kontakt\/\",\"name\":\"Kontakt - Refoamed\u00ae\",\"isPartOf\":{\"@id\":\"https:\/\/refoamed.com\/pl\/#website\"},\"datePublished\":\"2023-04-26T18:17:37+00:00\",\"dateModified\":\"2025-08-22T08:45:58+00:00\",\"breadcrumb\":{\"@id\":\"https:\/\/refoamed.com\/pl\/kontakt\/#breadcrumb\"},\"inLanguage\":\"pl-PL\",\"potentialAction\":[{\"@type\":\"ReadAction\",\"target\":[\"https:\/\/refoamed.com\/pl\/kontakt\/\"]}]},{\"@type\":\"BreadcrumbList\",\"@id\":\"https:\/\/refoamed.com\/pl\/kontakt\/#breadcrumb\",\"itemListElement\":[{\"@type\":\"ListItem\",\"position\":1,\"name\":\"Strona g\u0142\u00f3wna\",\"item\":\"https:\/\/refoamed.com\/pl\/\"},{\"@type\":\"ListItem\",\"position\":2,\"name\":\"Kontakt\"}]},{\"@type\":\"WebSite\",\"@id\":\"https:\/\/refoamed.com\/pl\/#website\",\"url\":\"https:\/\/refoamed.com\/pl\/\",\"name\":\"Refoamed\u00ae\",\"description\":\"\",\"potentialAction\":[{\"@type\":\"SearchAction\",\"target\":{\"@type\":\"EntryPoint\",\"urlTemplate\":\"https:\/\/refoamed.com\/pl\/?s={search_term_string}\"},\"query-input\":{\"@type\":\"PropertyValueSpecification\",\"valueRequired\":true,\"valueName\":\"search_term_string\"}}],\"inLanguage\":\"pl-PL\"}]}<\/script>\n<!-- \/ Yoast SEO plugin. -->","yoast_head_json":{"title":"Kontakt - Refoamed\u00ae","robots":{"index":"index","follow":"follow","max-snippet":"max-snippet:-1","max-image-preview":"max-image-preview:large","max-video-preview":"max-video-preview:-1"},"canonical":"https:\/\/refoamed.com\/pl\/kontakt\/","og_locale":"pl_PL","og_type":"article","og_title":"Kontakt - Refoamed\u00ae","og_description":"[vc_section css_animation=&#8221;none&#8221; woodmart_stretch_content=&#8221;section-stretch&#8221; woodmart_bg_position=&#8221;center-center&#8221; css=&#8221;.vc_custom_1700612925828{margin-top: -40px !important;margin-bottom: 0px !important;padding-top: 0px !important;padding-bottom: 0px !important;background-color: #f3f2f1 !important;background-position: center !important;background-repeat: no-repeat !important;background-size: contain","og_url":"https:\/\/refoamed.com\/pl\/kontakt\/","og_site_name":"Refoamed\u00ae PL","article_modified_time":"2025-08-22T08:45:58+00:00","twitter_card":"summary_large_image","twitter_misc":{"Szacowany czas czytania":"4 minuty"},"schema":{"@context":"https:\/\/schema.org","@graph":[{"@type":"WebPage","@id":"https:\/\/refoamed.com\/pl\/kontakt\/","url":"https:\/\/refoamed.com\/pl\/kontakt\/","name":"Kontakt - Refoamed\u00ae","isPartOf":{"@id":"https:\/\/refoamed.com\/pl\/#website"},"datePublished":"2023-04-26T18:17:37+00:00","dateModified":"2025-08-22T08:45:58+00:00","breadcrumb":{"@id":"https:\/\/refoamed.com\/pl\/kontakt\/#breadcrumb"},"inLanguage":"pl-PL","potentialAction":[{"@type":"ReadAction","target":["https:\/\/refoamed.com\/pl\/kontakt\/"]}]},{"@type":"BreadcrumbList","@id":"https:\/\/refoamed.com\/pl\/kontakt\/#breadcrumb","itemListElement":[{"@type":"ListItem","position":1,"name":"Strona g\u0142\u00f3wna","item":"https:\/\/refoamed.com\/pl\/"},{"@type":"ListItem","position":2,"name":"Kontakt"}]},{"@type":"WebSite","@id":"https:\/\/refoamed.com\/pl\/#website","url":"https:\/\/refoamed.com\/pl\/","name":"Refoamed\u00ae","description":"","potentialAction":[{"@type":"SearchAction","target":{"@type":"EntryPoint","urlTemplate":"https:\/\/refoamed.com\/pl\/?s={search_term_string}"},"query-input":{"@type":"PropertyValueSpecification","valueRequired":true,"valueName":"search_term_string"}}],"inLanguage":"pl-PL"}]}},"_links":{"self":[{"href":"https:\/\/refoamed.com\/pl\/wp-json\/wp\/v2\/pages\/8567","targetHints":{"allow":["GET"]}}],"collection":[{"href":"https:\/\/refoamed.com\/pl\/wp-json\/wp\/v2\/pages"}],"about":[{"href":"https:\/\/refoamed.com\/pl\/wp-json\/wp\/v2\/types\/page"}],"author":[{"embeddable":true,"href":"https:\/\/refoamed.com\/pl\/wp-json\/wp\/v2\/users\/1"}],"replies":[{"embeddable":true,"href":"https:\/\/refoamed.com\/pl\/wp-json\/wp\/v2\/comments?post=8567"}],"version-history":[{"count":9,"href":"https:\/\/refoamed.com\/pl\/wp-json\/wp\/v2\/pages\/8567\/revisions"}],"predecessor-version":[{"id":15203,"href":"https:\/\/refoamed.com\/pl\/wp-json\/wp\/v2\/pages\/8567\/revisions\/15203"}],"wp:attachment":[{"href":"https:\/\/refoamed.com\/pl\/wp-json\/wp\/v2\/media?parent=8567"}],"curies":[{"name":"wp","href":"https:\/\/api.w.org\/{rel}","templated":true}]}}